{"id":300,"date":"2020-04-02T23:17:36","date_gmt":"2020-04-02T21:17:36","guid":{"rendered":"http:\/\/www.envies-sucrees.fr\/?page_id=300"},"modified":"2020-04-02T23:28:19","modified_gmt":"2020-04-02T21:28:19","slug":"commandez-en-ligne","status":"publish","type":"page","link":"http:\/\/www.envies-sucrees.fr\/index.php\/commandez-en-ligne\/","title":{"rendered":"CommandeZ en ligne"},"content":{"rendered":"\n<h2 class=\"wp-block-heading\">Commandez en ligne !<\/h2>\n\n\n\n<p>Par l&rsquo;interm\u00e9diaire du site <strong>MonShoppingCalais<\/strong>, commandez d\u00e8s \u00e0 pr\u00e9sent certaines de mes p\u00e2tisseries ainsi que mes chocolats. <br>Vous aurez la possibilit\u00e9 de livraison \u00e0 domicile ou votre lieu de travail, de venir r\u00e9cup\u00e9rer votre commande au comptoir de l&rsquo;ilot \u00e0 Calais Coeur de Vie, ou encore de venir la r\u00e9cup\u00e9rer au sein de ma boutique. <br>Toutes les informations depuis ce lien: <br><a href=\"https:\/\/monshoppingcestcalais.fr\/comment-ca-marche\">https:\/\/monshoppingcestcalais.fr\/comment-ca-marche<\/a><\/p>\n\n\n\n<p>Pour acc\u00e9der directement sur ma boutique, passez par ce lien:<br><a href=\"https:\/\/monshoppingcestcalais.fr\/marketplace\/seller\/profile\/envies-sucrees\/view\">Envies Sucr\u00e9es<\/a><\/p>\n\n\n\n<p><\/p>\n","protected":false},"excerpt":{"rendered":"<p>Commandez en ligne ! Par l&rsquo;interm\u00e9diaire du site MonShoppingCalais, commandez d\u00e8s \u00e0 pr\u00e9sent certaines de mes p\u00e2tisseries ainsi que mes chocolats. Vous aurez la possibilit\u00e9 de livraison \u00e0 domicile ou votre lieu de travail, de venir r\u00e9cup\u00e9rer votre commande au comptoir de l&rsquo;ilot \u00e0 Calais Coeur de Vie, ou encore de venir la r\u00e9cup\u00e9rer au [&hellip;]<\/p>\n","protected":false},"author":1,"featured_media":0,"parent":0,"menu_order":0,"comment_status":"closed","ping_status":"closed","template":"","meta":[],"_links":{"self":[{"href":"http:\/\/www.envies-sucrees.fr\/index.php\/wp-json\/wp\/v2\/pages\/300"}],"collection":[{"href":"http:\/\/www.envies-sucrees.fr\/index.php\/wp-json\/wp\/v2\/pages"}],"about":[{"href":"http:\/\/www.envies-sucrees.fr\/index.php\/wp-json\/wp\/v2\/types\/page"}],"author":[{"embeddable":true,"href":"http:\/\/www.envies-sucrees.fr\/index.php\/wp-json\/wp\/v2\/users\/1"}],"replies":[{"embeddable":true,"href":"http:\/\/www.envies-sucrees.fr\/index.php\/wp-json\/wp\/v2\/comments?post=300"}],"version-history":[{"count":3,"href":"http:\/\/www.envies-sucrees.fr\/index.php\/wp-json\/wp\/v2\/pages\/300\/revisions"}],"predecessor-version":[{"id":303,"href":"http:\/\/www.envies-sucrees.fr\/index.php\/wp-json\/wp\/v2\/pages\/300\/revisions\/303"}],"wp:attachment":[{"href":"http:\/\/www.envies-sucrees.fr\/index.php\/wp-json\/wp\/v2\/media?parent=300"}],"curies":[{"name":"wp","href":"https:\/\/api.w.org\/{rel}","templated":true}]}}